{"id":164,"date":"2012-11-14T21:54:32","date_gmt":"2012-11-14T21:54:32","guid":{"rendered":"http:\/\/ecoleclaudiusfournion.blogs.laclasse.com\/?page_id=164"},"modified":"2024-06-25T10:01:50","modified_gmt":"2024-06-25T08:01:50","slug":"les-conseils-decole","status":"publish","type":"page","link":"https:\/\/ecoleprimaireclaudiusfournion.blog.ac-lyon.fr\/wordpress\/les-conseils-decole\/","title":{"rendered":"Conseils d&rsquo;\u00e9cole"},"content":{"rendered":"<p><a href=\"https:\/\/ecoleprimaireclaudiusfournion.blog.ac-lyon.fr\/wordpress\/wp-content\/uploads\/2024\/06\/PV-3eme-CE-Claudius-Fournion-2023-2024-11juin24.pdf\"><strong><span style=\"color: #339966;\">Compte-rendu du conseil d&rsquo;\u00e9cole du 11 juin 2024<\/span><\/strong><\/a><\/p>\n<p><strong><span style=\"color: #339966;\"><a style=\"color: #339966;\" href=\"https:\/\/ecoleprimaireclaudiusfournion.blog.ac-lyon.fr\/wordpress\/wp-content\/uploads\/2024\/06\/PV-2eme-CE-Claudius-Fournion-2023-2024-12fevrier2024.pdf\">Compte-rendu du conseil d&rsquo;\u00e9cole du 12 f\u00e9vrier 2024<\/a><\/span><\/strong><\/p>\n<p><a href=\"https:\/\/ecoleprimaireclaudiusfournion.blog.ac-lyon.fr\/wordpress\/wp-content\/uploads\/2024\/03\/PV-1er-CE-Claudius-Fournion-2023-2024-19Oct2023.pdf\"><strong><span style=\"color: #339966;\">Compte-rendu du conseil d&rsquo;\u00e9cole du 19 octobre 2023<\/span><\/strong><\/a><\/p>\n<p><a href=\"https:\/\/ecoleprimaireclaudiusfournion.blog.ac-lyon.fr\/wordpress\/wp-content\/uploads\/2024\/03\/PV-3eme-CE-Claudius-Fournion-2022-2023-13juin.pdf\"><span style=\"color: #ff0000;\"><strong><span style=\"color: #ff0000;\">Compte-rendu du conseil d&rsquo;\u00e9cole du 13 juin 2023<\/span><\/strong><\/span><\/a><\/p>\n<p><a href=\"https:\/\/ecoleprimaireclaudiusfournion.blog.ac-lyon.fr\/wordpress\/wp-content\/uploads\/2024\/03\/PV-2eme-CE-Claudius-Fournion-2022-2023-27fevrier2023-1.pdf\"><strong><span style=\"color: #ff0000;\">Compte-rendu du conseil d&rsquo;\u00e9cole du 27 f\u00e9vrier 2023<\/span><\/strong><\/a><\/p>\n<p><span style=\"color: #ff0000;\"><strong><a style=\"color: #ff0000;\" href=\"https:\/\/ecoleprimaireclaudiusfournion.blog.ac-lyon.fr\/wordpress\/wp-content\/uploads\/2023\/01\/PV-1er-CE-Claudius-Fournion-2022-2023-20Oct2022A-1.pdf\">Compte-rendu du conseil d&rsquo;\u00e9cole du 20 octobre 2022<\/a><\/strong><\/span><\/p>\n","protected":false},"excerpt":{"rendered":"<p>Compte-rendu du conseil d&rsquo;\u00e9cole du 11 juin 2024 Compte-rendu du conseil d&rsquo;\u00e9cole du 12 f\u00e9vrier 2024 Compte-rendu du conseil d&rsquo;\u00e9cole du 19 octobre 2023 Compte-rendu du conseil d&rsquo;\u00e9cole du 13 juin 2023 Compte-rendu du conseil d&rsquo;\u00e9cole du 27 f\u00e9vrier 2023 &hellip; <a href=\"https:\/\/ecoleprimaireclaudiusfournion.blog.ac-lyon.fr\/wordpress\/les-conseils-decole\/\">Continuer la lecture <span class=\"meta-nav\">&rarr;<\/span><\/a><\/p>\n","protected":false},"author":9,"featured_media":0,"parent":0,"menu_order":0,"comment_status":"closed","ping_status":"closed","template":"sidebar-page.php","meta":{"xn-wppe-expiration":[],"xn-wppe-expiration-action":[],"xn-wppe-expiration-prefix":[],"advgb_blocks_editor_width":"","advgb_blocks_columns_visual_guide":"","_EventAllDay":false,"_EventTimezone":"","_EventStartDate":"","_EventEndDate":"","_EventStartDateUTC":"","_EventEndDateUTC":"","_EventShowMap":false,"_EventShowMapLink":false,"_EventURL":"","_EventCost":"","_EventCostDescription":"","_EventCurrencySymbol":"","_EventCurrencyCode":"","_EventCurrencyPosition":"","_EventDateTimeSeparator":"","_EventTimeRangeSeparator":"","_EventOrganizerID":[],"_EventVenueID":0,"_OrganizerEmail":"","_OrganizerPhone":"","_OrganizerWebsite":"","_VenueAddress":"","_VenueCity":"","_VenueCountry":"","_VenueProvince":"","_VenueZip":"","_VenuePhone":"","_VenueURL":"","_VenueStateProvince":"","_VenueLat":"","_VenueLng":"","footnotes":""},"class_list":["post-164","page","type-page","status-publish","hentry"],"coauthors":[],"author_meta":{"author_link":"https:\/\/ecoleprimaireclaudiusfournion.blog.ac-lyon.fr\/wordpress\/author\/admin-ecoleprim\/","display_name":"admin.ecoleprim"},"relative_dates":{"created":"Publi\u00e9 13 ans il y a","modified":"Mis \u00e0 jour 2 ans il y a"},"absolute_dates":{"created":"Publi\u00e9 le 14 novembre 2012","modified":"Mise \u00e0 jour le 25 juin 2024"},"absolute_dates_time":{"created":"Publi\u00e9 le 14 novembre 2012 21 h 54 min","modified":"Mise \u00e0 jour le 25 juin 2024 10 h 01 min"},"featured_img_caption":"","featured_img":false,"series_order":"","_links":{"self":[{"href":"https:\/\/ecoleprimaireclaudiusfournion.blog.ac-lyon.fr\/wordpress\/wp-json\/wp\/v2\/pages\/164","targetHints":{"allow":["GET"]}}],"collection":[{"href":"https:\/\/ecoleprimaireclaudiusfournion.blog.ac-lyon.fr\/wordpress\/wp-json\/wp\/v2\/pages"}],"about":[{"href":"https:\/\/ecoleprimaireclaudiusfournion.blog.ac-lyon.fr\/wordpress\/wp-json\/wp\/v2\/types\/page"}],"author":[{"embeddable":true,"href":"https:\/\/ecoleprimaireclaudiusfournion.blog.ac-lyon.fr\/wordpress\/wp-json\/wp\/v2\/users\/9"}],"replies":[{"embeddable":true,"href":"https:\/\/ecoleprimaireclaudiusfournion.blog.ac-lyon.fr\/wordpress\/wp-json\/wp\/v2\/comments?post=164"}],"version-history":[{"count":18,"href":"https:\/\/ecoleprimaireclaudiusfournion.blog.ac-lyon.fr\/wordpress\/wp-json\/wp\/v2\/pages\/164\/revisions"}],"predecessor-version":[{"id":8339,"href":"https:\/\/ecoleprimaireclaudiusfournion.blog.ac-lyon.fr\/wordpress\/wp-json\/wp\/v2\/pages\/164\/revisions\/8339"}],"wp:attachment":[{"href":"https:\/\/ecoleprimaireclaudiusfournion.blog.ac-lyon.fr\/wordpress\/wp-json\/wp\/v2\/media?parent=164"}],"curies":[{"name":"wp","href":"https:\/\/api.w.org\/{rel}","templated":true}]}}